{"id":1128,"date":"2024-05-07T12:30:29","date_gmt":"2024-05-07T17:30:29","guid":{"rendered":"https:\/\/www.grupoelemento.com\/portal\/?page_id=1128"},"modified":"2024-05-07T14:00:21","modified_gmt":"2024-05-07T19:00:21","slug":"precios-servicios-agencia","status":"publish","type":"page","link":"https:\/\/www.grupoelemento.com\/portal\/precios-servicios-agencia\/","title":{"rendered":"Lista de Precios Agencia Elemento"},"content":{"rendered":"\t\t<div data-elementor-type=\"wp-page\" data-elementor-id=\"1128\" class=\"elementor elementor-1128\" data-elementor-post-type=\"page\">\n\t\t\t\t<div class=\"elementor-element elementor-element-745e8ab9 e-flex e-con-boxed e-con e-parent\" data-id=\"745e8ab9\" data-element_type=\"container\">\n\t\t\t\t\t<div class=\"e-con-inner\">\n\t\t\t\t<div class=\"elementor-element elementor-element-22eafef7 elementor-widget elementor-widget-text-editor\" data-id=\"22eafef7\" data-element_type=\"widget\" data-widget_type=\"text-editor.default\">\n\t\t\t\t<div class=\"elementor-widget-container\">\n\t\t\t<style>\/*! elementor - v3.21.0 - 30-04-2024 *\/\n.elementor-widget-text-editor.elementor-drop-cap-view-stacked .elementor-drop-cap{background-color:#69727d;color:#fff}.elementor-widget-text-editor.elementor-drop-cap-view-framed .elementor-drop-cap{color:#69727d;border:3px solid;background-color:transparent}.elementor-widget-text-editor:not(.elementor-drop-cap-view-default) .elementor-drop-cap{margin-top:8px}.elementor-widget-text-editor:not(.elementor-drop-cap-view-default) .elementor-drop-cap-letter{width:1em;height:1em}.elementor-widget-text-editor .elementor-drop-cap{float:left;text-align:center;line-height:1;font-size:50px}.elementor-widget-text-editor .elementor-drop-cap-letter{display:inline-block}<\/style>\t\t\t\t<!-- wp:uagb\/advanced-heading {\"block_id\":\"618b2773\",\"classMigrate\":true,\"headingDescToggle\":false} -->\n<h2 class=\"wp-block-uagb-advanced-heading uagb-block-618b2773\">Apoyamos tu marca<\/h2>\n<!-- \/wp:uagb\/advanced-heading -->\t\t\t\t\t\t<\/div>\n\t\t\t\t<\/div>\n\t\t\t\t<div class=\"elementor-element elementor-element-0c4e13f elementor-widget elementor-widget-text-editor\" data-id=\"0c4e13f\" data-element_type=\"widget\" data-widget_type=\"text-editor.default\">\n\t\t\t\t<div class=\"elementor-widget-container\">\n\t\t\t\t\t\t\t<p>Lista de precios de nuestros servicios. v.Ene-2024<\/p>\t\t\t\t\t\t<\/div>\n\t\t\t\t<\/div>\n\t\t\t\t\t<\/div>\n\t\t\t\t<\/div>\n\t\t<div class=\"elementor-element elementor-element-83784ff e-flex e-con-boxed e-con e-parent\" data-id=\"83784ff\" data-element_type=\"container\">\n\t\t\t\t\t<div class=\"e-con-inner\">\n\t\t\t\t<div class=\"elementor-element elementor-element-3f397db elementor-widget elementor-widget-text-editor\" data-id=\"3f397db\" data-element_type=\"widget\" data-widget_type=\"text-editor.default\">\n\t\t\t\t<div class=\"elementor-widget-container\">\n\t\t\t\t\t\t\t<table width=\"516\">\n<tbody>\n<tr>\n<td width=\"200\">\n<p><b>\u00cdtem<\/b><\/p>\n<\/td>\n<td style=\"text-align: left;\" width=\"91\"><strong>Vr. Unit.<\/strong><\/td>\n<td width=\"80\"><strong>Tiempo\/D\u00edas<\/strong><\/td>\n<\/tr>\n<tr>\n<td>Asesor\u00eda en Planeaci\u00f3n Estrat\u00e9gica (x hora)<\/td>\n<td>\u00a0$\u00a0\u00a0\u00a0\u00a0\u00a0\u00a0 250.000 COP<\/td>\n<td>\u00a0<\/td>\n<\/tr>\n<tr>\n<td>\u00a0<\/td>\n<td>\u00a0<\/td>\n<td>\u00a0<\/td>\n<\/tr>\n<tr>\n<td>Asesor\u00eda y diagn\u00f3stico redes<\/td>\n<td>\u00a0$\u00a0\u00a0\u00a0\u00a0\u00a0\u00a0 500.000 COP<\/td>\n<td>3<\/td>\n<\/tr>\n<tr>\n<td>\u00a0<\/td>\n<td>\u00a0<\/td>\n<td>\u00a0<\/td>\n<\/tr>\n<tr>\n<td>Estrategia y concepto creativo<\/td>\n<td>\u00a0$\u00a0\u00a0\u00a0 5.500.000 COP<\/td>\n<td>15<\/td>\n<\/tr>\n<tr>\n<td colspan=\"2\">(Diagn\u00f3stico, generaci\u00f3n de estrategia y creaci\u00f3n de una idea creativa)<\/td>\n<td>\u00a0<\/td>\n<\/tr>\n<tr>\n<td>\u00a0<\/td>\n<td>\u00a0<\/td>\n<td>\u00a0<\/td>\n<\/tr>\n<tr>\n<td>Campa\u00f1a publicitaria digital<\/td>\n<td>\u00a0$\u00a0\u00a0\u00a0 2.000.000 COP<\/td>\n<td>8<\/td>\n<\/tr>\n<tr>\n<td>(Planeaci\u00f3n estrat\u00e9gica, t\u00e1ctica y keyvisual)<\/td>\n<td>\u00a0<\/td>\n<td>\u00a0<\/td>\n<\/tr>\n<tr>\n<td>\u00a0<\/td>\n<td>\u00a0<\/td>\n<td>\u00a0<\/td>\n<\/tr>\n<tr>\n<td>Campa\u00f1a publicitaria digital, ATL, BTL<\/td>\n<td>\u00a0$\u00a0\u00a0\u00a0 3.000.000 COP<\/td>\n<td>15<\/td>\n<\/tr>\n<tr>\n<td colspan=\"2\">(Planeaci\u00f3n estrat\u00e9gica, t\u00e1ctica, keyvisual, plan de medios)<\/td>\n<td>\u00a0<\/td>\n<\/tr>\n<tr>\n<td>\u00a0<\/td>\n<td>\u00a0<\/td>\n<td>\u00a0<\/td>\n<\/tr>\n<tr>\n<td>Dise\u00f1o de marca<\/td>\n<td>\u00a0$\u00a0\u00a0\u00a0 8.000.000 COP<\/td>\n<td>30<\/td>\n<\/tr>\n<tr>\n<td colspan=\"2\">(Nombre, Consulta SIC, s\u00edmbolo, logotipo, logosimbolo, manual de uso)<\/td>\n<td>\u00a0<\/td>\n<\/tr>\n<tr>\n<td>\u00a0<\/td>\n<td>\u00a0<\/td>\n<td>\u00a0<\/td>\n<\/tr>\n<tr>\n<td>Post o Historia<\/td>\n<td>\u00a0$\u00a0\u00a0\u00a0\u00a0\u00a0\u00a0\u00a0\u00a0 80.000 COP<\/td>\n<td>2<\/td>\n<\/tr>\n<tr>\n<td>Post o Historia Animada<\/td>\n<td>\u00a0$\u00a0\u00a0\u00a0\u00a0\u00a0\u00a0 120.000 COP<\/td>\n<td>2<\/td>\n<\/tr>\n<tr>\n<td>\u00a0<\/td>\n<td>\u00a0<\/td>\n<td>\u00a0<\/td>\n<\/tr>\n<tr>\n<td>20 Post o Historias<\/td>\n<td>\u00a0$\u00a0\u00a0\u00a0 1.200.000 COP<\/td>\n<td>20<\/td>\n<\/tr>\n<tr>\n<td>\u00a0<\/td>\n<td>\u00a0<\/td>\n<td>\u00a0<\/td>\n<\/tr>\n<tr>\n<td>Video Reel o Stroy<\/td>\n<td>\u00a0$\u00a0\u00a0\u00a0\u00a0\u00a0\u00a0 450.000 COP<\/td>\n<td>1<\/td>\n<\/tr>\n<tr>\n<td>(max. 40 segundos &#8211; 1 hora grabaci\u00f3n &#8211; 1 locaci\u00f3n)<\/td>\n<td>\u00a0<\/td>\n<td>\u00a0<\/td>\n<\/tr>\n<tr>\n<td>\u00a0<\/td>\n<td>\u00a0<\/td>\n<td>\u00a0<\/td>\n<\/tr>\n<tr>\n<td>Dise\u00f1o de mailing<\/td>\n<td>\u00a0$\u00a0\u00a0\u00a0\u00a0\u00a0\u00a0 200.000 COP<\/td>\n<td>3<\/td>\n<\/tr>\n<tr>\n<td>Dise\u00f1o de landing page<\/td>\n<td>\u00a0$\u00a0\u00a0\u00a0\u00a0\u00a0\u00a0 400.000 COP<\/td>\n<td>3<\/td>\n<\/tr>\n<tr>\n<td>Formularios de registro<\/td>\n<td>\u00a0$\u00a0\u00a0\u00a0\u00a0\u00a0\u00a0 200.000 COP<\/td>\n<td>3<\/td>\n<\/tr>\n<tr>\n<td>\u00a0<\/td>\n<td>\u00a0<\/td>\n<td>\u00a0<\/td>\n<\/tr>\n<tr>\n<td>Soporte Profesional en Programaci\u00f3n Web (1 hora)<\/td>\n<td>\u00a0$\u00a0\u00a0\u00a0\u00a0\u00a0\u00a0 150.000 COP<\/td>\n<td>\u00a0<\/td>\n<\/tr>\n<tr>\n<td>\u00a0<\/td>\n<td>\u00a0<\/td>\n<td>\u00a0<\/td>\n<\/tr>\n<tr>\n<td>Publicaci\u00f3n de material en redes sociales<\/td>\n<td>\u00a0$\u00a0\u00a0\u00a0\u00a0\u00a0\u00a0 800.000 COP<\/td>\n<td>30<\/td>\n<\/tr>\n<tr>\n<td>(Pago mensual, para publicar hasta 40 post, historias)<\/td>\n<td>\u00a0<\/td>\n<td>\u00a0<\/td>\n<\/tr>\n<tr>\n<td>(Incluye la generaci\u00f3n de copy con las publicaciones)<\/td>\n<td>\u00a0<\/td>\n<td>\u00a0<\/td>\n<\/tr>\n<tr>\n<td>\u00a0<\/td>\n<td>\u00a0<\/td>\n<td>\u00a0<\/td>\n<\/tr>\n<tr>\n<td>Configuraci\u00f3n inicial para pauta en redes sociales (x red)<\/td>\n<td>\u00a0$\u00a0\u00a0\u00a0\u00a0\u00a0\u00a0 500.000 COP<\/td>\n<td>5<\/td>\n<\/tr>\n<tr>\n<td>Configuraci\u00f3n y pauta en redes sociales (x pauta)<\/td>\n<td>\u00a0$\u00a0\u00a0\u00a0\u00a0\u00a0\u00a0 150.000 COP<\/td>\n<td>\u00a0<\/td>\n<\/tr>\n<tr>\n<td>Meta Business (Tr\u00e1fico, mensajes, remarketing)<\/td>\n<td>\u00a0<\/td>\n<td>\u00a0<\/td>\n<\/tr>\n<tr>\n<td>Google Ads (Anuncios de texto, display)<\/td>\n<td>\u00a0<\/td>\n<td>\u00a0<\/td>\n<\/tr>\n<tr>\n<td>\u00a0<\/td>\n<td>\u00a0<\/td>\n<td>\u00a0<\/td>\n<\/tr>\n<tr>\n<td>Keyword o estudio de palabras claves<\/td>\n<td>\u00a0$\u00a0\u00a0\u00a0\u00a0\u00a0\u00a0 400.000 COP<\/td>\n<td>3<\/td>\n<\/tr>\n<tr>\n<td>\u00a0<\/td>\n<td>\u00a0<\/td>\n<td>\u00a0<\/td>\n<\/tr>\n<tr>\n<td>Envi\u00f3 masivo de mensajes por WhatsApp (x mensaje)<\/td>\n<td>\u00a0$\u00a0\u00a0\u00a0\u00a0\u00a0\u00a0\u00a0\u00a0\u00a0\u00a0\u00a0\u00a0\u00a0 250 COP<\/td>\n<td>\u00a0<\/td>\n<\/tr>\n<tr>\n<td>(Personalizaci\u00f3n de campos + foto o video)<\/td>\n<td>\u00a0<\/td>\n<td>\u00a0<\/td>\n<\/tr>\n<tr>\n<td>\u00a0<\/td>\n<td>\u00a0<\/td>\n<td>\u00a0<\/td>\n<\/tr>\n<tr>\n<td>Redacci\u00f3n de guion de venta o guion para video<\/td>\n<td>\u00a0$\u00a0\u00a0\u00a0\u00a0\u00a0\u00a0 300.000 COP<\/td>\n<td>3<\/td>\n<\/tr>\n<tr>\n<td>\u00a0<\/td>\n<td>\u00a0<\/td>\n<td>\u00a0<\/td>\n<\/tr>\n<tr>\n<td>Tarjeta evento<\/td>\n<td>\u00a0$\u00a0\u00a0\u00a0\u00a0\u00a0\u00a0 200.000 COP<\/td>\n<td>2<\/td>\n<\/tr>\n<tr>\n<td>Volante (1 cara)<\/td>\n<td>\u00a0$\u00a0\u00a0\u00a0\u00a0\u00a0\u00a0 200.000 COP<\/td>\n<td>2<\/td>\n<\/tr>\n<tr>\n<td>Volante (2 caras)<\/td>\n<td>\u00a0$\u00a0\u00a0\u00a0\u00a0\u00a0\u00a0 300.000 COP<\/td>\n<td>2<\/td>\n<\/tr>\n<tr>\n<td>Afiche \/ P\u00f3ster<\/td>\n<td>\u00a0$\u00a0\u00a0\u00a0\u00a0\u00a0\u00a0 300.000 COP<\/td>\n<td>2<\/td>\n<\/tr>\n<tr>\n<td>Pend\u00f3n<\/td>\n<td>\u00a0$\u00a0\u00a0\u00a0\u00a0\u00a0\u00a0 300.000 COP<\/td>\n<td>2<\/td>\n<\/tr>\n<tr>\n<td>Pauta para prensa, revista (1 p\u00e1gina)<\/td>\n<td>\u00a0$\u00a0\u00a0\u00a0\u00a0\u00a0\u00a0 400.000 COP<\/td>\n<td>3<\/td>\n<\/tr>\n<td>Pauta para prensa, revista (1\/2 media p\u00e1gina)<\/td>\n<td>\u00a0$\u00a0\u00a0\u00a0\u00a0\u00a0\u00a0 250.000 COP<\/td>\n<td>3<\/td>\n<\/tr>\n<td>Pauta para prensa, revista (1\/4 cuarto p\u00e1gina)<\/td>\n<td>\u00a0$\u00a0\u00a0\u00a0\u00a0\u00a0\u00a0 200.000 COP<\/td>\n<td>3<\/td>\n<\/tr>\n<tr>\n<td>Pasacalle<\/td>\n<td>\u00a0$\u00a0\u00a0\u00a0\u00a0\u00a0\u00a0 300.000 COP<\/td>\n<td>3<\/td>\n<\/tr>\n<tr>\n<td>Dise\u00f1o de portada agenda (1 versi\u00f3n)<\/td>\n<td>\u00a0$\u00a0 \u00a0 \u00a0 \u00a0300.000 COP<\/td>\n<td>3<\/td>\n<\/tr>\n<tr>\n<td>Valla o Backing (Gran Formato)<\/td>\n<td>\u00a0$\u00a0\u00a0\u00a0\u00a0\u00a0\u00a0 500.000 COP<\/td>\n<td>3<\/td>\n<\/tr>\n<tr>\n<td>Diagramaci\u00f3n editorial (x p\u00e1gina) min. 12<\/td>\n<td>\u00a0$\u00a0\u00a0\u00a0\u00a0\u00a0\u00a0\u00a0\u00a0 60.000 COP<\/td>\n<td>\u00a0<\/td>\n<\/tr>\n<tr>\n<td>Diagramaci\u00f3n cat\u00e1logo (x p\u00e1gina) min. 12<\/td>\n<td>\u00a0$\u00a0\u00a0\u00a0\u00a0\u00a0\u00a0 150.000 COP<\/td>\n<td>\u00a0<\/td>\n<\/tr>\n<tr>\n<td>Plantilla y slides para presentaci\u00f3n digital (x slide)<\/td>\n<td>\u00a0$\u00a0\u00a0\u00a0\u00a0\u00a0\u00a0\u00a0\u00a0 60.000 COP<\/td>\n<td>\u00a0<\/td>\n<\/tr>\n<tr>\n<td>Dise\u00f1o hoja membrete<\/td>\n<td>\u00a0$\u00a0\u00a0\u00a0\u00a0\u00a0\u00a0 150.000 COP<\/td>\n<td>1<\/td>\n<\/tr>\n<tr>\n<td>Dise\u00f1o carpeta institucional (carta u oficio)<\/td>\n<td>\u00a0$\u00a0\u00a0\u00a0\u00a0\u00a0\u00a0 500.000 COP<\/td>\n<td>4<\/td>\n<\/tr>\n<tr>\n<td>Dise\u00f1o de brochure institucional (6 cuerpos)<\/td>\n<td>\u00a0$\u00a0\u00a0\u00a0 1.500.000 COP<\/td>\n<td>8<\/td>\n<\/tr>\n<tr>\n<td>Dise\u00f1o de fachada local comercial<\/td>\n<td>\u00a0$\u00a0\u00a0\u00a0\u00a0\u00a0\u00a0 500.000 COP<\/td>\n<td>3<\/td>\n<\/tr>\n<tr>\n<td>Dise\u00f1o de aviso de fachada<\/td>\n<td>\u00a0$\u00a0\u00a0\u00a0\u00a0\u00a0\u00a0 250.000 COP<\/td>\n<td>3<\/td>\n<\/tr>\n<tr>\n<td>Dise\u00f1o de bolsa o empaque de marca<\/td>\n<td>\u00a0$\u00a0\u00a0\u00a0\u00a0\u00a0\u00a0 350.000 COP<\/td>\n<td>3<\/td>\n<\/tr>\n<tr>\n<td>Dise\u00f1o de tarjeta presentaci\u00f3n \/ carnet<\/td>\n<td>\u00a0$\u00a0\u00a0\u00a0\u00a0\u00a0\u00a0 150.000 COP<\/td>\n<td>2<\/td>\n<\/tr>\n<tr>\n<td>Dise\u00f1o de formato de factura, formato o planilla<\/td>\n<td>\u00a0$\u00a0\u00a0\u00a0\u00a0\u00a0\u00a0 100.000 COP<\/td>\n<td>1<\/td>\n<\/tr>\n<tr>\n<td>Branding de veh\u00edculo (4 caras)<\/td>\n<td>\u00a0$\u00a0\u00a0\u00a0\u00a0\u00a0\u00a0 500.000 COP<\/td>\n<td>8<\/td>\n<\/tr>\n<tr>\n<td>Dise\u00f1o de stand (3&#215;3 mts) &#8211; R\u00e9nderes 3d<\/td>\n<td>\u00a0$\u00a0\u00a0\u00a0 2.000.000 COP<\/td>\n<td>15<\/td>\n<\/tr>\n<tr>\n<td>Dise\u00f1o de uniformes para la marca<\/td>\n<td>\u00a0$\u00a0\u00a0\u00a0\u00a0\u00a0\u00a0 500.000 COP<\/td>\n<td>8<\/td>\n<\/tr>\n<tr>\n<td>Dise\u00f1o estructural de empaque\u00a0<\/td>\n<td>\u00a0$\u00a0\u00a0\u00a0 1.600.000 COP<\/td>\n<td>15<\/td>\n<\/tr>\n<tr>\n<td>Dise\u00f1o de punta de g\u00f3ndola<\/td>\n<td>\u00a0$\u00a0\u00a0\u00a0\u00a0\u00a0\u00a0 900.000 COP<\/td>\n<td>8<\/td>\n<\/tr>\n<tr>\n<td>\u00a0<\/td>\n<td>\u00a0<\/td>\n<td>\u00a0<\/td>\n<\/tr>\n<tr>\n<td>Creaci\u00f3n de artes finales (Producci\u00f3n)<\/td>\n<td>\u00a0$\u00a0\u00a0\u00a0\u00a0\u00a0\u00a0 100.000 COP<\/td>\n<td>1<\/td>\n<\/tr>\n<tr>\n<td>\u00a0<\/td>\n<td>\u00a0<\/td>\n<td>\u00a0<\/td>\n<\/tr>\n<tr>\n<td>Sesi\u00f3n de fotos (8 horas) &#8211; 1 profesional<\/td>\n<td>\u00a0$\u00a0\u00a0\u00a0 1.000.000 COP<\/td>\n<td>\u00a0<\/td>\n<\/tr>\n<tr>\n<td>Sesi\u00f3n de fotos (4 horas) &#8211; 1 profesional<\/td>\n<td>\u00a0$\u00a0\u00a0\u00a0\u00a0\u00a0\u00a0 600.000 COP<\/td>\n<td>\u00a0<\/td>\n<\/tr>\n<tr>\n<td>Sesi\u00f3n de fotos (1 hora) &#8211; 1 profesional<\/td>\n<td>\u00a0$\u00a0\u00a0\u00a0\u00a0\u00a0\u00a0 300.000 COP<\/td>\n<td>\u00a0<\/td>\n<\/tr>\n<tr>\n<td>\u00a0<\/td>\n<td>\u00a0<\/td>\n<td>\u00a0<\/td>\n<\/tr>\n<tr>\n<td>Fotos de estudio (producto) 1 a 10 fotos<\/td>\n<td>\u00a0$\u00a0\u00a0\u00a0\u00a0\u00a0\u00a0\u00a0\u00a0 50.000 COP<\/td>\n<td>\u00a0<\/td>\n<\/tr>\n<tr>\n<td>Fotos de estudio (producto) 11 a 50 fotos<\/td>\n<td>\u00a0$\u00a0\u00a0\u00a0\u00a0\u00a0\u00a0\u00a0\u00a0 40.000 COP<\/td>\n<td>\u00a0<\/td>\n<\/tr>\n<tr>\n<td>Fotos de estudio (producto) 51 en adelante<\/td>\n<td>\u00a0$\u00a0\u00a0\u00a0\u00a0\u00a0\u00a0\u00a0\u00a0 30.000 COP<\/td>\n<td>\u00a0<\/td>\n<\/tr>\n<tr>\n<td>\u00a0<\/td>\n<td>\u00a0<\/td>\n<td>\u00a0<\/td>\n<\/tr>\n<tr>\n<td>Retoque fotogr\u00e1fico (b\u00e1sico)<\/td>\n<td>\u00a0$\u00a0\u00a0\u00a0\u00a0\u00a0\u00a0\u00a0\u00a0 20.000 COP<\/td>\n<td>\u00a0<\/td>\n<\/tr>\n<tr>\n<td>Retoque fotogr\u00e1fico (avanzado +1 hora)<\/td>\n<td>\u00a0$\u00a0\u00a0\u00a0\u00a0\u00a0\u00a0\u00a0\u00a0 80.000 COP<\/td>\n<td>\u00a0<\/td>\n<\/tr>\n<tr>\n<td>\u00a0<\/td>\n<td>\u00a0<\/td>\n<td>\u00a0<\/td>\n<\/tr>\n<tr>\n<td>D\u00eda de grabaci\u00f3n con Drone<\/td>\n<td>\u00a0$\u00a0\u00a0\u00a0 1.000.000 COP<\/td>\n<td>\u00a0<\/td>\n<\/tr>\n<tr>\n<td>Hora de grabaci\u00f3n con Drone<\/td>\n<td>\u00a0$\u00a0\u00a0\u00a0\u00a0\u00a0\u00a0 300.000 COP<\/td>\n<td>\u00a0<\/td>\n<\/tr>\n<tr>\n<td>\u00a0<\/td>\n<td>\u00a0<\/td>\n<td>\u00a0<\/td>\n<\/tr>\n<tr>\n<td>Cubrimiento de video para evento (6 horas)<\/td>\n<td>\u00a0$\u00a0\u00a0\u00a0\u00a0\u00a0\u00a0 600.000 COP<\/td>\n<td>\u00a0<\/td>\n<\/tr>\n<tr>\n<td>Cubrimiento de fotogr\u00e1fico para evento (6 horas)<\/td>\n<td>\u00a0$\u00a0\u00a0\u00a0\u00a0\u00a0\u00a0 500.000 COP<\/td>\n<td>\u00a0<\/td>\n<\/tr>\n<tr>\n<td>\u00a0<\/td>\n<td>\u00a0<\/td>\n<td>\u00a0<\/td>\n<\/tr>\n<tr>\n<td>D\u00eda de camar\u00f3grafo o fot\u00f3grafo (8 horas) &#8211; sin equipos<\/td>\n<td>\u00a0$\u00a0\u00a0\u00a0\u00a0\u00a0\u00a0 200.000 COP<\/td>\n<td>\u00a0<\/td>\n<\/tr>\n<tr>\n<td>\u00a0<\/td>\n<td>\u00a0<\/td>\n<td>\u00a0<\/td>\n<\/tr>\n<tr>\n<td>Edici\u00f3n de video (x hora)<\/td>\n<td>\u00a0$\u00a0\u00a0\u00a0\u00a0\u00a0\u00a0 150.000 COP<\/td>\n<td>\u00a0<\/td>\n<\/tr>\n<\/tbody>\n<\/table>\t\t\t\t\t\t<\/div>\n\t\t\t\t<\/div>\n\t\t\t\t<div class=\"elementor-element elementor-element-961b2ec elementor-widget elementor-widget-text-editor\" data-id=\"961b2ec\" data-element_type=\"widget\" data-widget_type=\"text-editor.default\">\n\t\t\t\t<div class=\"elementor-widget-container\">\n\t\t\t\t\t\t\t<h5>Formas de pago y descuentos:<\/h5>\n<p><strong>Opci\u00f3n #1<\/strong>: 50% a la orden de compra y 50% a la entrega del trabajo final.<br \/><strong>Opci\u00f3n #2<\/strong>: Compra de bolsa de recursos, pago anticipado con -10% dcto. en todos los precios. (Recarga m\u00ednima $3 millones COP).<br \/><span style=\"font-weight: bold;\">Opci\u00f3n #3<\/span>: Orden de compra de servicios en un (1) mes, a liquidar el d\u00eda 30 del mes, si el valor supera los $5 millones COP, obtienes 15% dcto sobre el total.<\/p>\n<p>Valores m\u00e1s el 19% del IVA, en Colombia.<\/p>\t\t\t\t\t\t<\/div>\n\t\t\t\t<\/div>\n\t\t\t\t\t<\/div>\n\t\t\t\t<\/div>\n\t\t\t\t<\/div>\n\t\t","protected":false},"excerpt":{"rendered":"<p>Apoyamos tu marca Lista de precios de nuestros servicios. v.Ene-2024 Pauta para prensa, revista (1\/2 media p\u00e1gina)\u00a0$\u00a0\u00a0\u00a0\u00a0\u00a0\u00a0 250.000 COP3Pauta para prensa, revista (1\/4 cuarto p\u00e1gina)\u00a0$\u00a0\u00a0\u00a0\u00a0\u00a0\u00a0 200.000 COP3 \u00cdtem Vr. Unit. Tiempo\/D\u00edas Asesor\u00eda en Planeaci\u00f3n Estrat\u00e9gica (x hora) \u00a0$\u00a0\u00a0\u00a0\u00a0\u00a0\u00a0 250.000 COP \u00a0 \u00a0 \u00a0 \u00a0 Asesor\u00eda y diagn\u00f3stico redes \u00a0$\u00a0\u00a0\u00a0\u00a0\u00a0\u00a0 500.000 COP 3 \u00a0 \u00a0 \u00a0 [&hellip;]<\/p>\n","protected":false},"author":1,"featured_media":0,"parent":0,"menu_order":0,"comment_status":"closed","ping_status":"closed","template":"","meta":{"_uag_custom_page_level_css":"","site-sidebar-layout":"default","site-content-layout":"","ast-site-content-layout":"default","site-content-style":"default","site-sidebar-style":"default","ast-global-header-display":"","ast-banner-title-visibility":"","ast-main-header-display":"","ast-hfb-above-header-display":"","ast-hfb-below-header-display":"","ast-hfb-mobile-header-display":"","site-post-title":"disabled","ast-breadcrumbs-content":"","ast-featured-img":"","footer-sml-layout":"","theme-transparent-header-meta":"","adv-header-id-meta":"","stick-header-meta":"","header-above-stick-meta":"","header-main-stick-meta":"","header-below-stick-meta":"","astra-migrate-meta-layouts":"set","ast-page-background-enabled":"default","ast-page-background-meta":{"desktop":{"background-color":"var(--ast-global-color-4)","background-image":"","background-repeat":"repeat","background-position":"center center","background-size":"auto","background-attachment":"scroll","background-type":"","background-media":"","overlay-type":"","overlay-color":"","overlay-gradient":""},"tablet":{"background-color":"","background-image":"","background-repeat":"repeat","background-position":"center center","background-size":"auto","background-attachment":"scroll","background-type":"","background-media":"","overlay-type":"","overlay-color":"","overlay-gradient":""},"mobile":{"background-color":"","background-image":"","background-repeat":"repeat","background-position":"center center","background-size":"auto","background-attachment":"scroll","background-type":"","background-media":"","overlay-type":"","overlay-color":"","overlay-gradient":""}},"ast-content-background-meta":{"desktop":{"background-color":"var(--ast-global-color-5)","background-image":"","background-repeat":"repeat","background-position":"center center","background-size":"auto","background-attachment":"scroll","background-type":"","background-media":"","overlay-type":"","overlay-color":"","overlay-gradient":""},"tablet":{"background-color":"var(--ast-global-color-5)","background-image":"","background-repeat":"repeat","background-position":"center center","background-size":"auto","background-attachment":"scroll","background-type":"","background-media":"","overlay-type":"","overlay-color":"","overlay-gradient":""},"mobile":{"background-color":"var(--ast-global-color-5)","background-image":"","background-repeat":"repeat","background-position":"center center","background-size":"auto","background-attachment":"scroll","background-type":"","background-media":"","overlay-type":"","overlay-color":"","overlay-gradient":""}},"footnotes":""},"uagb_featured_image_src":{"full":false,"thumbnail":false,"medium":false,"medium_large":false,"large":false,"1536x1536":false,"2048x2048":false},"uagb_author_info":{"display_name":"adminelemento","author_link":"https:\/\/www.grupoelemento.com\/portal\/author\/adminelemento\/"},"uagb_comment_info":0,"uagb_excerpt":"Apoyamos tu marca Lista de precios de nuestros servicios. v.Ene-2024 Pauta para prensa, revista (1\/2 media p\u00e1gina)\u00a0$\u00a0\u00a0\u00a0\u00a0\u00a0\u00a0 250.000 COP3Pauta para prensa, revista (1\/4 cuarto p\u00e1gina)\u00a0$\u00a0\u00a0\u00a0\u00a0\u00a0\u00a0 200.000 COP3 \u00cdtem Vr. Unit. Tiempo\/D\u00edas Asesor\u00eda en Planeaci\u00f3n Estrat\u00e9gica (x hora) \u00a0$\u00a0\u00a0\u00a0\u00a0\u00a0\u00a0 250.000 COP \u00a0 \u00a0 \u00a0 \u00a0 Asesor\u00eda y diagn\u00f3stico redes \u00a0$\u00a0\u00a0\u00a0\u00a0\u00a0\u00a0 500.000 COP 3 \u00a0 \u00a0 \u00a0&hellip;","_links":{"self":[{"href":"https:\/\/www.grupoelemento.com\/portal\/wp-json\/wp\/v2\/pages\/1128"}],"collection":[{"href":"https:\/\/www.grupoelemento.com\/portal\/wp-json\/wp\/v2\/pages"}],"about":[{"href":"https:\/\/www.grupoelemento.com\/portal\/wp-json\/wp\/v2\/types\/page"}],"author":[{"embeddable":true,"href":"https:\/\/www.grupoelemento.com\/portal\/wp-json\/wp\/v2\/users\/1"}],"replies":[{"embeddable":true,"href":"https:\/\/www.grupoelemento.com\/portal\/wp-json\/wp\/v2\/comments?post=1128"}],"version-history":[{"count":33,"href":"https:\/\/www.grupoelemento.com\/portal\/wp-json\/wp\/v2\/pages\/1128\/revisions"}],"predecessor-version":[{"id":1184,"href":"https:\/\/www.grupoelemento.com\/portal\/wp-json\/wp\/v2\/pages\/1128\/revisions\/1184"}],"wp:attachment":[{"href":"https:\/\/www.grupoelemento.com\/portal\/wp-json\/wp\/v2\/media?parent=1128"}],"curies":[{"name":"wp","href":"https:\/\/api.w.org\/{rel}","templated":true}]}}